{"id":1136,"date":"2017-09-14T10:39:55","date_gmt":"2017-09-14T10:39:55","guid":{"rendered":"http:\/\/inademh.com\/?page_id=1136"},"modified":"2020-10-09T15:19:26","modified_gmt":"2020-10-09T15:19:26","slug":"home","status":"publish","type":"page","link":"https:\/\/inademh.com\/","title":{"rendered":"INSTITUTO NACIONAL DE ALTA DIRECCI\u00d3N  EMPRESARIAL HUMANISTA"},"content":{"rendered":"<p>Un lugar para la Investigaci\u00f3n, Ciencia, Tecnolog\u00eda, Ingenier\u00eda, Administraci\u00f3n, Econom\u00eda, Finanzas, Ciencias de la Salud, Filosof\u00eda, Capacitaci\u00f3n, Desarrollo Humano, Planeaci\u00f3n Estrat\u00e9gica, Psicolog\u00eda<\/p>\n<p><a role=\"button\" href=\"#\">Learn More<br \/>\n<\/a><\/p>\n<h2>Instituto para el Desarrollo y el Crecimiento de las Personas<\/h2>\n<p><a role=\"button\" href=\"#\">About Us<br \/>\n<\/a><\/p>\n<h5>Constantemente 24 hrs.<\/h5>\n<h5><strong>Cursos<\/strong><\/h5>\n<h5><strong>Consultor\u00eda<\/strong><\/h5>\n<h5>Conferencias<\/h5>\n<h5>Teor\u00eda y Pr\u00e1ctica<\/h5>\n<h5>Investigaci\u00f3n<\/h5>\n<h5>Innovaci\u00f3n<\/h5>\n<h5><strong>Consultas y Tratamientos<\/strong><\/h5>\n<p><img loading=\"lazy\" src=\"http:\/\/inademh.com\/wp-content\/uploads\/2020\/07\/furniture.jpg\" sizes=\"(max-width: 640px) 100vw, 640px\" srcset=\"https:\/\/inademh.com\/wp-content\/uploads\/2020\/07\/furniture.jpg 640w, https:\/\/inademh.com\/wp-content\/uploads\/2020\/07\/furniture-200x300.jpg 200w\" alt=\"\" width=\"640\" height=\"960\"><\/p>\n<h3>Lo mejor para el desarrollo y la Superaci\u00f3n Personal y Profesional de alto Impacto<\/h3>\n<p><a role=\"button\" href=\"#\">Get Your Place<br \/>\n<\/a><\/p>\n<h3>Proporcionamos el mejor sitio para la Capacitaci\u00f3n y el Desarrollo<\/h3>\n<p><a role=\"button\" href=\"#\">Learn More<br \/>\n<\/a><br \/>\n<img title=\"facilites\" src=\"http:\/\/inademh.com\/wp-content\/uploads\/elementor\/thumbs\/facilites-owc4yr4s8ibzozrrycjy14ssyvop5ehlmqxiw4r674.jpg\" alt=\"facilites\"><\/p>\n<h6>Todo lo que se requiere para la Superaci\u00f3n Personal y Profesional<\/h6>\n<p><img title=\"affordable-pricing\" src=\"http:\/\/inademh.com\/wp-content\/uploads\/elementor\/thumbs\/affordable-pricing-owc4ys2mfcda0lqesuyklmk9k9k2d3lbyvl0deps0w.jpg\" alt=\"affordable-pricing\"><\/p>\n<h6>Cuotas amigables<\/h6>\n<h3>El lugar ideal para el Desarrollo y la Superaci\u00f3n\u200b\u200b Necesaria en nuestros d\u00edas<\/h3>\n<h6>Programas atractivos<\/h6>\n<h6>Paquetes de integraci\u00f3n<a role=\"button\" href=\"#\"><br \/>\nCheck Pricing<br \/>\n<\/a><br \/>\n<img loading=\"lazy\" src=\"http:\/\/inademh.com\/wp-content\/uploads\/2020\/07\/gallery-1.jpg\" sizes=\"(max-width: 640px) 100vw, 640px\" srcset=\"https:\/\/inademh.com\/wp-content\/uploads\/2020\/07\/gallery-1.jpg 640w, https:\/\/inademh.com\/wp-content\/uploads\/2020\/07\/gallery-1-300x200.jpg 300w\" alt=\"\" width=\"640\" height=\"427\"><br \/>\n<img loading=\"lazy\" src=\"http:\/\/inademh.com\/wp-content\/uploads\/2020\/07\/gallery-2.jpg\" sizes=\"(max-width: 640px) 100vw, 640px\" srcset=\"https:\/\/inademh.com\/wp-content\/uploads\/2020\/07\/gallery-2.jpg 640w, https:\/\/inademh.com\/wp-content\/uploads\/2020\/07\/gallery-2-300x200.jpg 300w\" alt=\"\" width=\"640\" height=\"427\"><br \/>\n<img loading=\"lazy\" src=\"http:\/\/inademh.com\/wp-content\/uploads\/2020\/06\/gallery1-free-img.jpg\" sizes=\"(max-width: 250px) 100vw, 250px\" srcset=\"https:\/\/inademh.com\/wp-content\/uploads\/2020\/06\/gallery1-free-img.jpg 250w, https:\/\/inademh.com\/wp-content\/uploads\/2020\/06\/gallery1-free-img-150x150.jpg 150w\" alt=\"\" width=\"250\" height=\"250\"><br \/>\n<img loading=\"lazy\" src=\"http:\/\/inademh.com\/wp-content\/uploads\/2020\/06\/gallery3-free-img.jpg\" sizes=\"(max-width: 250px) 100vw, 250px\" srcset=\"https:\/\/inademh.com\/wp-content\/uploads\/2020\/06\/gallery3-free-img.jpg 250w, https:\/\/inademh.com\/wp-content\/uploads\/2020\/06\/gallery3-free-img-150x150.jpg 150w\" alt=\"\" width=\"250\" height=\"250\"><br \/>\n<img loading=\"lazy\" src=\"http:\/\/inademh.com\/wp-content\/uploads\/2020\/06\/gallery4-free-img.jpg\" sizes=\"(max-width: 250px) 100vw, 250px\" srcset=\"https:\/\/inademh.com\/wp-content\/uploads\/2020\/06\/gallery4-free-img.jpg 250w, https:\/\/inademh.com\/wp-content\/uploads\/2020\/06\/gallery4-free-img-150x150.jpg 150w\" alt=\"\" width=\"250\" height=\"250\"><br \/>\n<img loading=\"lazy\" src=\"http:\/\/inademh.com\/wp-content\/uploads\/2020\/06\/left-free-img.jpg\" sizes=\"(max-width: 270px) 100vw, 270px\" srcset=\"https:\/\/inademh.com\/wp-content\/uploads\/2020\/06\/left-free-img.jpg 270w, https:\/\/inademh.com\/wp-content\/uploads\/2020\/06\/left-free-img-150x150.jpg 150w\" alt=\"\" width=\"270\" height=\"270\"><\/h6>\n","protected":false},"excerpt":{"rendered":"<p>Un lugar para la Investigaci\u00f3n, Ciencia, Tecnolog\u00eda, Ingenier\u00eda, Administraci\u00f3n, Econom\u00eda, Finanzas, Ciencias de la Salud, Filosof\u00eda, Capacitaci\u00f3n, Desarrollo Humano, Planeaci\u00f3n Estrat\u00e9gica, Psicolog\u00eda Learn More Instituto para el Desarrollo y el Crecimiento de las Personas About Us Constantemente 24 hrs. Cursos Consultor\u00eda Conferencias Teor\u00eda y Pr\u00e1ctica Investigaci\u00f3n Innovaci\u00f3n Consultas y Tratamientos Lo mejor para el desarrollo [&hellip;]<\/p>\n","protected":false},"author":1,"featured_media":0,"parent":0,"menu_order":0,"comment_status":"closed","ping_status":"open","template":"","meta":[],"_links":{"self":[{"href":"https:\/\/inademh.com\/index.php?rest_route=\/wp\/v2\/pages\/1136"}],"collection":[{"href":"https:\/\/inademh.com\/index.php?rest_route=\/wp\/v2\/pages"}],"about":[{"href":"https:\/\/inademh.com\/index.php?rest_route=\/wp\/v2\/types\/page"}],"author":[{"embeddable":true,"href":"https:\/\/inademh.com\/index.php?rest_route=\/wp\/v2\/users\/1"}],"replies":[{"embeddable":true,"href":"https:\/\/inademh.com\/index.php?rest_route=%2Fwp%2Fv2%2Fcomments&post=1136"}],"version-history":[{"count":21,"href":"https:\/\/inademh.com\/index.php?rest_route=\/wp\/v2\/pages\/1136\/revisions"}],"predecessor-version":[{"id":1239,"href":"https:\/\/inademh.com\/index.php?rest_route=\/wp\/v2\/pages\/1136\/revisions\/1239"}],"wp:attachment":[{"href":"https:\/\/inademh.com\/index.php?rest_route=%2Fwp%2Fv2%2Fmedia&parent=1136"}],"curies":[{"name":"wp","href":"https:\/\/api.w.org\/{rel}","templated":true}]}}